{"id":26,"date":"2025-09-05T08:49:30","date_gmt":"2025-09-05T08:49:30","guid":{"rendered":"https:\/\/consultingsb.com\/impressum\/"},"modified":"2025-09-05T09:20:13","modified_gmt":"2025-09-05T09:20:13","slug":"impressum","status":"publish","type":"page","link":"https:\/\/consultingsb.com\/en\/impressum\/","title":{"rendered":"Impressum"},"content":{"rendered":"<div class=\"wp-block-group alignfull has-background-background-color has-background has-global-padding is-layout-constrained wp-container-core-group-is-layout-adba22f5 wp-block-group-is-layout-constrained\" style=\"margin-top:0;margin-bottom:0;padding-top:var(--wp--preset--spacing--60);padding-bottom:var(--wp--preset--spacing--60)\">\n<p><strong>Wichtiger Hinweis: Diese Impressum-Vorlage wurde mit gr\u00f6\u00dfter Sorgfalt erstellt. Dennoch \u00fcbernehmen wir keine Gew\u00e4hr f\u00fcr die Vollst\u00e4ndigkeit und Richtigkeit der Inhalte sowie f\u00fcr deren Rechtssicherheit. Es liegt in der Verantwortung des Nutzers, die Vorlage eigenst\u00e4ndig an die jeweils geltenden gesetzlichen Bestimmungen anzupassen und auf ihre Aktualit\u00e4t zu pr\u00fcfen. Eine Haftung f\u00fcr Sch\u00e4den, die direkt oder indirekt aus der Nutzung dieser Vorlage entstehen, wird ausgeschlossen.<\/strong> <br><br> <strong>Website-Betreiber:<\/strong><br> Steffen Burckhardt \/ Beratung &amp; Consulting<br> Walter-Gieseking-Str. 7<br> 66123 Saarbr\u00fccken<br> Deutschland<br><br> <strong>Kontaktinformationen:<\/strong><br> Telefon: +49 15140190716<br> E-Mail: <a href=\"mailto:Consultingsb@outlook.com\">Consultingsb@outlook.com<\/a><br> Website: www.Consultingsb.com<br><br> <strong>Vertretungsberechtigte Person:<\/strong><br> Steffen Burckhardt<br> (Gesch\u00e4ftsf\u00fchrer\/in)<br><br> <strong>Unternehmensregistrierung:<\/strong><br> Registergericht: Saarbr\u00fccken<br> Handelsregisternummer: <br> Es wird gem\u00e4\u00df \u00a719 Abs. 1 Umsatzsteuergesetz keine Umsatzsteuer erhoben<br><br> <strong>Letzte Aktualisierung:<\/strong><br> 05.09.2025<\/p>\n<\/div>","protected":false},"excerpt":{"rendered":"<p>Wichtiger Hinweis: Diese Impressum-Vorlage wurde mit gr\u00f6\u00dfter Sorgfalt erstellt. Dennoch \u00fcbernehmen wir keine Gew\u00e4hr f\u00fcr die Vollst\u00e4ndigkeit und Richtigkeit der Inhalte sowie f\u00fcr deren Rechtssicherheit. Es liegt in der Verantwortung des Nutzers, die Vorlage eigenst\u00e4ndig an die jeweils geltenden gesetzlichen Bestimmungen anzupassen und auf ihre Aktualit\u00e4t zu pr\u00fcfen. Eine Haftung f\u00fcr Sch\u00e4den, die direkt oder [&hellip;]<\/p>\n","protected":false},"author":1,"featured_media":0,"parent":0,"menu_order":0,"comment_status":"closed","ping_status":"closed","template":"page-with-title","meta":{"footnotes":""},"class_list":["post-26","page","type-page","status-publish","hentry"],"aioseo_notices":[],"_links":{"self":[{"href":"https:\/\/consultingsb.com\/en\/wp-json\/wp\/v2\/pages\/26","targetHints":{"allow":["GET"]}}],"collection":[{"href":"https:\/\/consultingsb.com\/en\/wp-json\/wp\/v2\/pages"}],"about":[{"href":"https:\/\/consultingsb.com\/en\/wp-json\/wp\/v2\/types\/page"}],"author":[{"embeddable":true,"href":"https:\/\/consultingsb.com\/en\/wp-json\/wp\/v2\/users\/1"}],"replies":[{"embeddable":true,"href":"https:\/\/consultingsb.com\/en\/wp-json\/wp\/v2\/comments?post=26"}],"version-history":[{"count":4,"href":"https:\/\/consultingsb.com\/en\/wp-json\/wp\/v2\/pages\/26\/revisions"}],"predecessor-version":[{"id":39,"href":"https:\/\/consultingsb.com\/en\/wp-json\/wp\/v2\/pages\/26\/revisions\/39"}],"wp:attachment":[{"href":"https:\/\/consultingsb.com\/en\/wp-json\/wp\/v2\/media?parent=26"}],"curies":[{"name":"wp","href":"https:\/\/api.w.org\/{rel}","templated":true}]}}